{"id":4447,"date":"2024-03-22T17:16:39","date_gmt":"2024-03-22T16:16:39","guid":{"rendered":"http:\/\/www.domainedulac-alsace.com\/impressum\/"},"modified":"2024-03-22T17:16:39","modified_gmt":"2024-03-22T16:16:39","slug":"impressum","status":"publish","type":"page","link":"https:\/\/www.domainedulac-alsace.com\/de\/impressum\/","title":{"rendered":"Impressum"},"content":{"rendered":"<section class=\"elementor-section elementor-top-section elementor-element elementor-element-246967b elementor-section-boxed elementor-section-height-default elementor-section-height-default\" data-id=\"246967b\" data-element_type=\"section\" data-settings=\"\">\n<div class=\"elementor-container elementor-column-gap-default\">\n<div class=\"elementor-row\">\n<div class=\"elementor-column elementor-col-100 elementor-top-column elementor-element elementor-element-6f179d9\" data-id=\"6f179d9\" data-element_type=\"column\">\n<div class=\"elementor-column-wrap elementor-element-populated\">\n<div class=\"elementor-widget-wrap\">\n<div class=\"elementor-element elementor-element-de40592 elementor-widget elementor-widget-text-editor\" data-id=\"de40592\" data-element_type=\"widget\" data-widget_type=\"text-editor.default\">\n<div class=\"elementor-widget-container\">\n<div class=\"elementor-text-editor elementor-clearfix\">\n<p>Eigent\u00fcmer und\/oder Herausgeber der Website: <strong>http:\/\/www.domainedulac-alsace.com\/<\/strong><\/p>\n<h3><strong>DULAC [Domaine du Lac]<br \/>\n<\/strong><\/h3>\n<p>Soci\u00e9t\u00e9 civile immobili\u00e8re mit einem Kapital von 1 000,00 \u20ac<br \/>\nRC COLMAR &#8211; FRANCE \u2013 SIREN 482117173<br \/>\nHauptsitz : 1 RUE ANDRE KIENER 68000 COLMAR<br \/>\nEmail : <a href=\"mailto:contact@domainedulac-alsace.com\">contact@domainedulac-alsace.com<\/a><\/p>\n<p>Leiter der Ver\u00f6ffentlichung: Daniel ERTZ &#8211;<br \/>\nWeb-Editor: Daniel ERTZ<\/p>\n<p><strong>Entwicklung der Seite:<\/strong>\u00a0<strong>AJI Groupe SAS<\/strong>\u00a0 <a href=\"https:\/\/aji-groupe.com\/\">https:\/\/aji-groupe.com\/<\/a><\/p>\n<p><strong>Web-Design:<\/strong>\u00a0<strong>AJI Groupe SAS<\/strong> <a href=\"https:\/\/aji-groupe.com\/\">https:\/\/aji-groupe.com\/<\/a><\/p>\n<p><strong>Urheberrecht der Fotos:<\/strong><br \/>\n<strong>Lucas MULLER &#8211; LUKAM <\/strong><a href=\"https:\/\/www.lukam.fr\/\">https:\/\/www.lukam.fr\/<\/a><br \/>\n<strong><\/strong> <a href=\"http:\/\/\"><\/a><br \/>\n<strong><\/strong> <a href=\"http:\/\/\"><\/a><br \/>\n<strong><\/strong> <a href=\"http:\/\/\"><\/a><\/p>\n<p><strong>Unterkunft:<\/strong><br \/>\nDiese Seite wird gehostet von OVH SAS<br \/>\n2 rue Kellermann &#8211; 59100 Roubaix &#8211; France <br \/>\nRCS:LILLE M\u00c9TROPOLE &#8211; FRANCE \u2013 SIRENE:537 407 926 \u2013 Mehrwertsteuer : FR 22 424 761 419<\/p>\n<p>&nbsp;<\/p>\n<p><strong>pers\u00f6nliche Daten<\/strong><\/p>\n<p>Siehe die Charta \u201eDatenschutzrichtlinie\u201c.<\/p>\n<p>&nbsp;<\/p>\n<p><strong>Urheberrechte und Marken<\/strong><\/p>\n<p><strong>Urheberrechte \u00a9<\/strong><br \/>\nAlle Elemente der Websitehttp:\/\/www.domainedulac-alsace.com\/ , insbesondere die Texte, Pr\u00e4sentationen, Illustrationen, Fotos, B\u00e4ume und Layouts, sind mit Ausnahme \u00f6ffentlicher Dokumente und zus\u00e4tzlicher Details das ausschlie\u00dfliche geistige Eigentum des UnternehmensDULAC [Domaine du Lac] oder seine Partner.<br \/>\nDaher sind ihre Darstellungen, Reproduktionen, Verschachtelungen, Verbreitungen und Wiederholungen, teilweise oder vollst\u00e4ndig, gem\u00e4\u00df den Bestimmungen des Gesetzes \u00fcber geistiges Eigentum verboten. Jede Person, die dies tut, ohne die vorherige und ausdr\u00fcckliche Genehmigung des Inhabers dieser Rechte nachweisen zu k\u00f6nnen, wird mit den im Gesetz \u00fcber geistiges Eigentum vorgesehenen Strafen im Zusammenhang mit dem Vergehen der F\u00e4lschung belegt.<br \/>\nDar\u00fcber hinaus die Darstellungen, Reproduktionen, Verflechtungen, Verbreitungen und Wiederholungen, teilweise oder vollst\u00e4ndig, der auf der Website enthaltenen Datenbankhttp:\/\/www.domainedulac-alsace.com\/ sind nach den Bestimmungen des Gesetzes \u00fcber geistiges Eigentum verboten.<br \/>\nIn jedem Fall muss auf jeder autorisierten Kopie des gesamten oder eines Teils des Inhalts der Website der Hinweis \u201eCopyrightDULAC [Domaine du Lac] Alle Rechte vorbehalten \u201c.<\/p>\n<p><strong>Marken<\/strong><br \/>\nDie auf der Website enthaltenen Marken und Logoshttp:\/\/www.domainedulac-alsace.com\/ werden abgelegt vonDULAC [Domaine du Lac] , oder m\u00f6glicherweise von einem seiner Partner. Daher zieht jede Person, die ihre Darstellungen, Reproduktionen, Verschachtelungen, Verbreitungen und Wiederholungen durchf\u00fchrt, die im Gesetz \u00fcber geistiges Eigentum vorgesehenen Strafen nach sich.<\/p>\n<p><strong>F\u00e4lschen<\/strong><br \/>\nJegliche Vervielf\u00e4ltigung oder Darstellung, ganz oder teilweise, f\u00fcr andere Zwecke auf welchem Medium auch immer, ist untersagt. Die Nichteinhaltung dieses Verbots stellt einen Versto\u00df dar, der die zivil- und strafrechtliche Haftung des F\u00e4lschers nach sich ziehen kann. Die in diesem Service enthaltenen Informationen sind unverbindlich und k\u00f6nnen ohne Vorank\u00fcndigung ge\u00e4ndert werden.<\/p>\n<p>Zuletzt aktualisiert: <strong>12. November 2021<\/strong> .<\/p>\n<p><strong>\u00a9 2022<\/strong>DULAC [Domaine du Lac] <strong>.<\/strong> <strong>Alle Rechte vorbehalten.<\/strong><\/p>\n<\/div>\n<\/div>\n<\/div>\n<\/div>\n<\/div>\n<\/div>\n<\/div>\n<\/div>\n<\/section>\n","protected":false},"excerpt":{"rendered":"<p>Eigent\u00fcmer und\/oder Herausgeber der Website: http:\/\/www.domainedulac-alsace.com\/ DULAC [Domaine du Lac] Soci\u00e9t\u00e9 civile immobili\u00e8re mit einem Kapital von 1 000,00 \u20ac RC COLMAR &#8211; FRANCE \u2013 SIREN 482117173 Hauptsitz : 1 RUE ANDRE KIENER 68000 COLMAR Email : contact@domainedulac-alsace.com Leiter der Ver\u00f6ffentlichung: Daniel ERTZ &#8211; Web-Editor: Daniel ERTZ Entwicklung der Seite:\u00a0AJI Groupe SAS\u00a0 https:\/\/aji-groupe.com\/ Web-Design:\u00a0AJI Groupe [&hellip;]<\/p>\n","protected":false},"author":4,"featured_media":0,"parent":0,"menu_order":0,"comment_status":"closed","ping_status":"closed","template":"","meta":{"_acf_changed":false,"footnotes":""},"class_list":["post-4447","page","type-page","status-publish","hentry"],"acf":[],"_links":{"self":[{"href":"https:\/\/www.domainedulac-alsace.com\/de\/wp-json\/wp\/v2\/pages\/4447","targetHints":{"allow":["GET"]}}],"collection":[{"href":"https:\/\/www.domainedulac-alsace.com\/de\/wp-json\/wp\/v2\/pages"}],"about":[{"href":"https:\/\/www.domainedulac-alsace.com\/de\/wp-json\/wp\/v2\/types\/page"}],"author":[{"embeddable":true,"href":"https:\/\/www.domainedulac-alsace.com\/de\/wp-json\/wp\/v2\/users\/4"}],"replies":[{"embeddable":true,"href":"https:\/\/www.domainedulac-alsace.com\/de\/wp-json\/wp\/v2\/comments?post=4447"}],"version-history":[{"count":0,"href":"https:\/\/www.domainedulac-alsace.com\/de\/wp-json\/wp\/v2\/pages\/4447\/revisions"}],"wp:attachment":[{"href":"https:\/\/www.domainedulac-alsace.com\/de\/wp-json\/wp\/v2\/media?parent=4447"}],"curies":[{"name":"wp","href":"https:\/\/api.w.org\/{rel}","templated":true}]}}