{"id":4451,"date":"2024-03-22T17:16:47","date_gmt":"2024-03-22T16:16:47","guid":{"rendered":"http:\/\/www.domainedulac-alsace.com\/datenschutz-bestimmungen\/"},"modified":"2024-03-22T17:16:47","modified_gmt":"2024-03-22T16:16:47","slug":"datenschutz-bestimmungen","status":"publish","type":"page","link":"https:\/\/www.domainedulac-alsace.com\/de\/datenschutz-bestimmungen\/","title":{"rendered":"Datenschutz-Bestimmungen"},"content":{"rendered":"<section class=\"elementor-section elementor-top-section elementor-element elementor-element-246967b elementor-section-boxed elementor-section-height-default elementor-section-height-default\" data-id=\"246967b\" data-element_type=\"section\" data-settings=\"\">\n<div class=\"elementor-container elementor-column-gap-default\">\n<div class=\"elementor-row\">\n<div class=\"elementor-column elementor-col-100 elementor-top-column elementor-element elementor-element-6f179d9\" data-id=\"6f179d9\" data-element_type=\"column\">\n<div class=\"elementor-column-wrap elementor-element-populated\">\n<div class=\"elementor-widget-wrap\">\n<div class=\"elementor-element elementor-element-de40592 elementor-widget elementor-widget-text-editor\" data-id=\"de40592\" data-element_type=\"widget\" data-widget_type=\"text-editor.default\">\n<div class=\"elementor-widget-container\">\n<div class=\"elementor-text-editor elementor-clearfix\">\n<p>Diese Datenschutzrichtlinie gilt f\u00fcr die von bereitgestellten DiensteDULAC [Domaine du Lac] auf der Website \u201chttp:\/\/www.domainedulac-alsace.com\/ \u201c.<\/p>\n<h3><strong>DULAC [Domaine du Lac]<br \/>\n<\/strong><\/h3>\n<p>Soci\u00e9t\u00e9 civile immobili\u00e8re mit einem Kapital von 1 000,00 \u20ac<br \/>\nRC COLMAR &#8211; FRANCE \u2013 SIREN 482117173<br \/>\nHauptsitz : 1 RUE ANDRE KIENER 68000 COLMAR<br \/>\nEmail : <a href=\"mailto:contact@domainedulac-alsace.com\">contact@domainedulac-alsace.com<\/a><\/p>\n<p>Diese Datenschutzrichtlinie enth\u00e4lt Einzelheiten dar\u00fcber, wie wir personenbezogene Daten gem\u00e4\u00df unseren Verpflichtungen gem\u00e4\u00df der Datenschutz-Grundverordnung (Nr. 2016\/679) (\u201eDSGVO\u201c), dem Datenschutzgesetz von 2018 und anderen f\u00fcr uns geltenden Gesetzen verarbeiten die Verarbeitung personenbezogener Daten (zusammen als \u201eDatenschutzgesetze\u201c bezeichnet). In dieser Datenschutzrichtlinie haben \u201eVerantwortlicher\u201c, \u201epersonenbezogene Daten\u201c und \u201eProzess\u201c (und ihre Ableitungen) die diesen Begriffen in den Datenschutzgesetzen zugewiesene Bedeutung.<\/p>\n<p>Personenbezogene Daten sind im Allgemeinen Informationen, die verwendet werden k\u00f6nnen, um eine Person individuell zu identifizieren, und die Verarbeitung umfasst im Allgemeinen Handlungen, die in Bezug auf Daten durchgef\u00fchrt werden k\u00f6nnen, wie z. B. das Sammeln, Verwenden, Speichern und Offenlegen. DULAC [Domaine du Lac] ist der Verantwortliche f\u00fcr Ihre personenbezogenen Daten, die im Rahmen unserer Dienstleistungen verarbeitet werden.<br \/>\nDULAC [Domaine du Lac] und die Begleiter, die operieren <strong>http:\/\/www.domainedulac-alsace.com\/<\/strong> (\u201eDigital Attendant\u201c) sind gemeinsame Verantwortliche in Bezug auf alle personenbezogenen Daten.<\/p>\n<p>Zweck dieser Datenschutzerkl\u00e4rung ist es, die Datenverarbeitungst\u00e4tigkeiten von zu erl\u00e4uternDULAC [Domaine du Lac] , einschlie\u00dflich wie und warum wir personenbezogene Daten verarbeiten. Dar\u00fcber hinaus beschreibt diese Datenschutzrichtlinie unsere Pflichten und Verantwortlichkeiten in Bezug auf den Schutz dieser personenbezogenen Daten. Die Art und Weise, wie wir mit personenbezogenen Daten umgehen, wird sich im Laufe der Zeit \u00e4ndern, und wir werden diese Richtlinie von Zeit zu Zeit aktualisieren, um sich \u00e4ndernde Praktiken widerzuspiegeln.<\/p>\n<p><strong>Personenbezogene Daten, die wir erheben<\/strong><\/p>\n<p>Wir erheben personenbezogene Daten \u00fcber Sie, wenn Sie uns diese direkt per zur Verf\u00fcgung stellen http:\/\/www.domainedulac-alsace.com\/ , wenn Dritte uns personenbezogene Daten \u00fcber Sie zur Verf\u00fcgung stellen oder wenn im Rahmen Ihrer Nutzung der Website automatisch personenbezogene Daten \u00fcber Sie erhoben werden http:\/\/www.domainedulac-alsace.com\/ (Die Webseite\u201d).<br \/>\nDULAC [Domaine du Lac] gibt Ihre personenbezogenen Daten nicht an Dritte weiter, au\u00dfer wie in dieser Datenschutzrichtlinie festgelegt.<\/p>\n<p>Bei der Bereitstellung unserer Dienste k\u00f6nnen wir die folgenden Informationen erfassen und verarbeiten:<\/p>\n<p><strong>Personenbezogene Daten, die direkt von Ihnen erhoben werden<\/strong><\/p>\n<p>Wir erhalten personenbezogene Daten direkt von Ihnen, wenn Sie uns diese \u00fcber die Website zur Verf\u00fcgung stellen http:\/\/www.domainedulac-alsace.com\/ , mit den Funktionen von http:\/\/www.domainedulac-alsace.com\/ oder durch Erstellen eines Kontos auf http:\/\/www.domainedulac-alsace.com\/ , einschlie\u00dflich, aber nicht beschr\u00e4nkt auf:<br \/>\n\u2013 Name;<br \/>\n\u2013 Vorname;<br \/>\n\u2013 E-Mail-Addresse;<br \/>\n\u2013 Name der Einrichtung;<br \/>\n\u2013 Handelszeichen;<br \/>\n\u2013 Gesch\u00e4ftsadresse;<br \/>\n\u2013 Telefonnummer;<br \/>\n\u2013 Nutzername;<br \/>\n\u2013 Informationen zur Teilnahme am Programm http:\/\/www.domainedulac-alsace.com\/<\/p>\n<p><strong>Aus Drittquellen erhobene personenbezogene Daten<br \/>\nAutomatisch erhobene personenbezogene Daten<\/strong><\/p>\n<p>Einige personenbezogene Daten werden automatisch erfasst, wenn Sie eine Partner-Website oder die Plattform nutzenhttp:\/\/www.domainedulac-alsace.com\/ , als:<br \/>\n\u2013 IP Adresse;<br \/>\n\u2013 Ger\u00e4tekennungen;<br \/>\n\u2013 Browserinformationen; und<br \/>\nCookie-Daten (wie in unserer Cookie-Richtlinie erl\u00e4utert).<\/p>\n<p><strong>Wie wir personenbezogene Daten verwenden<\/strong><\/p>\n<p>Wir verarbeiten personenbezogene Daten, um unsere Dienste zu betreiben, zu verbessern, zu verstehen und zu personalisieren, z. Wir verwenden personenbezogene Daten, um:<br \/>\n\u2013 die \u00fcber die Plattform pr\u00e4sentierten L\u00f6sungen bereichern und vervollst\u00e4ndige nhttp:\/\/www.domainedulac-alsace.com\/ ;<br \/>\n\u2013 Inhalte personalisieren http:\/\/www.domainedulac-alsace.com\/ basierend auf Ihren Vorlieben und Priorit\u00e4ten;<br \/>\n\u2013 mit dir kommunizieren;<br \/>\n\u2013 unterst\u00fctzen Sie in den verschiedenen Phasen des Programms http:\/\/www.domainedulac-alsace.com\/<br \/>\n\u2013 Schutz vor betr\u00fcgerischen, illegalen oder sch\u00e4dlichen Handlungen oder deren Abschreckung;<br \/>\n\u2013 auf Benutzeranfragen reagieren;<br \/>\n\u2013 Unterst\u00fctzung und Hilfe leisten \u00fcber http:\/\/www.domainedulac-alsace.com\/ ;<br \/>\n\u2013 unseren gesetzlichen oder vertraglichen Verpflichtungen nachkommen;<br \/>\n\u2013 gelten unsere Allgemeinen Gesch\u00e4ftsbedingungen; und<br \/>\n\u2013 bei Bedarf Streitigkeiten beilegen.<\/p>\n<p><strong>Rechtsgrundlage der Verarbeitung<\/strong><\/p>\n<p><strong>Zweck der Verarbeitung \u2013 Rechtsgrundlage gem\u00e4\u00df DSGVO<\/strong><br \/>\nF\u00fcr administrative Zwecke<br \/>\nEine solche Verarbeitung ist f\u00fcr die ordnungsgem\u00e4\u00dfe Durchf\u00fchrung des Supports zwischen Ihnen und erforderlich http:\/\/www.domainedulac-alsace.com\/<\/p>\n<p><strong>Schulung, Qualit\u00e4ts\u00fcberwachung oder Bewertung der von uns erbrachten Dienstleistungen<\/strong><br \/>\nEine solche Verarbeitung ist f\u00fcr die berechtigten Interessen erforderlich, die wir verfolgen, um unsere Dienste und ihre Nutzung zu \u00fcberwachen und zu verbessern, und um dies den Internetnutzern, die die Website nutzen, zu gew\u00e4hrleisten. http:\/\/www.domainedulac-alsace.com\/ .<\/p>\n<p><strong>Website-Dienste, einschlie\u00dflich f\u00fcr Fehlerbehebung, Datenanalyse und Untersuchungszwecke.<\/strong><br \/>\nWir haben ein berechtigtes Interesse am Betrieb und der Wartung der Website und verwandten Zwecken, einschlie\u00dflich der Verbesserung unserer Dienste.<br \/>\nStatistische Informationen, die nicht mit Personen verkn\u00fcpft werden k\u00f6nnen, um uns bei der Verbesserung der von uns angebotenen Dienste zu helfen.<br \/>\nWir haben ein berechtigtes Interesse an der Durchf\u00fchrung bestimmter Analysen, um sicherzustellen, dass die Dienstleistungen, die wir Restaurants anbieten, effizient sind und ordnungsgem\u00e4\u00df funktionieren.<\/p>\n<p><strong>Durchsetzung und Verteidigung unserer Rechte<\/strong><br \/>\nWir haben ein berechtigtes Interesse daran, die Bereitstellung unserer Dienste und der Website sicherzustellen http:\/\/www.domainedulac-alsace.com\/ werden in \u00dcbereinstimmung mit unseren Nutzungsbedingungen und Richtlinien verwendet.<\/p>\n<p><strong>Soweit erforderlich, um unseren gesetzlichen Verpflichtungen nachzukommen.<\/strong><br \/>\nWenn dies erforderlich ist, um eine Klage, einen m\u00f6glichen Rechtsanspruch, ein Gerichtsverfahren oder ein m\u00f6gliches Gerichtsverfahren zu begr\u00fcnden, auszu\u00fcben oder zu verteidigen.<\/p>\n<p><strong>Individuelle Rechte der betroffenen Personen<\/strong><\/p>\n<p>Datenschutzgesetze gew\u00e4hren betroffenen Personen bestimmte Rechte (\u201eBetroffenenrechte\u201c).<\/p>\n<p><strong>Die Rechte der betroffenen Person umfassen das Recht einer betroffenen Person auf:<\/strong><br \/>\n\u2013 detaillierte Informationen \u00fcber die Verarbeitung (gem\u00e4\u00df den Transparenzpflichten der Verantwortlichen) zu erhalten, die wir durch diese Datenschutzerkl\u00e4rung bereitgestellt haben;<br \/>\n\u2013 Zugriff auf personenbezogene Daten;<br \/>\n\u2013 personenbezogene Daten berichtigen oder l\u00f6schen (z. B. Recht auf Vergessenwerden);<br \/>\n\u2013 Einschr\u00e4nkung der Verarbeitung;<br \/>\n\u2013 Einschr\u00e4nkung der Daten\u00fcbertragbarkeit<br \/>\n\u2013 der Verarbeitung widersprechen; und<br \/>\n\u2013 Widerspruch gegen automatisierte Entscheidungsfindung (einschlie\u00dflich Profiling).<\/p>\n<p>Diese Betroffenenrechte k\u00f6nnen von Ihnen vorbehaltlich der durch die Datenschutzgesetze vorgesehenen Einschr\u00e4nkungen ausge\u00fcbt werden.<\/p>\n<p>Wenn Sie weitere Informationen dar\u00fcber ben\u00f6tigen, wie http:\/\/www.domainedulac-alsace.com\/ Ihre personenbezogenen Daten verarbeitet oder wenn Sie eines Ihrer Betroffenenrechte in Bezug auf die Verarbeitung Ihrer personenbezogenen Daten durch aus\u00fcben m\u00f6chten http:\/\/www.domainedulac-alsace.com\/, k\u00f6nnen Sie direkt kontaktieren http:\/\/www.domainedulac-alsace.com\/ unter der Adresse : <a href=\"mailto:contact@domainedulac-alsace.com\">contact@domainedulac-alsace.com<\/a> oder \u00fcber die Telefonnummern auf der Website.<\/p>\n<p>Hinsichtlich der Verarbeitung Ihrer personenbezogenen Daten durch DULAC [Domaine du Lac] , k\u00f6nnen Sie Ihre Datenschutzeinstellungen \u00fcber das Portal \u00e4ndern http:\/\/www.domainedulac-alsace.com\/ . Sie k\u00f6nnen uns auch kontaktieren oder eine Anfrage zur Aus\u00fcbung von Datenrechten stellen, indem Sie uns kontaktieren : <a href=\"mailto:contact@domainedulac-alsace.com\">contact@domainedulac-alsace.com<\/a> . Ihre Anfrage wird in \u00dcbereinstimmung mit den Datenschutzgesetzen behandelt.<\/p>\n<p><strong>Offenlegung Ihrer Informationen<\/strong><\/p>\n<p>Wir geben keine personenbezogenen Daten an Dritte weiter und geben Ihre personenbezogenen Daten nicht an Dritte weiter, au\u00dfer wie in dieser Richtlinie festgelegt. DULAC [Domaine du Lac] m\u00f6glicherweise in bestimmten Szenarien personenbezogene Daten offenlegen m\u00fcssen, z. B. wenn Sie gegen unsere Allgemeinen Gesch\u00e4ftsbedingungen oder andere Richtlinien versto\u00dfen. DULAC [Domaine du Lac] kann solche personenbezogenen Daten nach eigenem Ermessen offenlegen, wenn wir dies im Zusammenhang mit der Untersuchung von Betrug, Verletzung geistigen Eigentums, Hacking oder anderen illegalen Aktivit\u00e4ten f\u00fcr notwendig oder angemessen halten. Dazu kann die Angabe Ihres Namens, Ihrer Adresse, Telefonnummer oder E-Mail erforderlich sein.<\/p>\n<p>DULAC [Domaine du Lac] kann andere Unternehmen und Einzelpersonen mit der Durchf\u00fchrung von Aufgaben in unserem Namen beauftragen und muss m\u00f6glicherweise Ihre Informationen mit ihnen teilen, um unsere Dienstleistungen f\u00fcr Sie erbringen zu k\u00f6nnen.<\/p>\n<p>In manchen F\u00e4llen, DULAC [Domaine du Lac] kann seine Verm\u00f6genswerte kaufen oder verkaufen, was die \u00dcbertragung von Benutzerinformationen beinhalten kann. DULAC [Domaine du Lac] wird diese Informationen \u00fcbertragen, wenn wir von einem anderen Unternehmen \u00fcbernommen oder mit einem anderen Unternehmen fusioniert werden. In diesem Fall werden wir Sie per E-Mail benachrichtigen.<\/p>\n<p>Ohne das Vorstehende einzuschr\u00e4nken, in dem Bem\u00fchen, Ihre Privatsph\u00e4re und F\u00e4higkeit zu respektieren DULAC [Domaine du Lac] Um die Gemeinschaft vor b\u00f6swilligen Akteuren zu sch\u00fctzen, werden wir Ihre personenbezogenen Daten nicht ohne gerichtliche Anordnung, Gesetz, an Strafverfolgungsbeh\u00f6rden, andere Regierungsbeamte oder andere Dritte weitergeben. Vollstreckung, Gerichtsverfahren oder im Wesentlichen \u00e4hnlichen Gerichtsverfahren, es sei denn, wir sind in gutem Glauben der Ansicht, dass die Offenlegung von Informationen zum Schutz der Rechte von erforderlich istDULAC [Domaine du Lac] oder die Rechte Dritter, um k\u00f6rperliche Sch\u00e4den oder finanzielle Verluste zu verhindern oder mutma\u00dfliche illegale Aktivit\u00e4ten zu melden.<\/p>\n<p><strong>Individuelle Rechte der betroffenen Personen<\/strong><\/p>\n<p>Datenschutzgesetze gew\u00e4hren betroffenen Personen bestimmte Rechte (\u201eBetroffenenrechte\u201c).<\/p>\n<p><strong>Die Rechte der betroffenen Person umfassen das Recht einer betroffenen Person auf:<\/strong><\/p>\n<p>detaillierte Informationen \u00fcber die Verarbeitung (gem\u00e4\u00df den Transparenzpflichten der Verantwortlichen) zu erhalten, die wir durch diese Datenschutzerkl\u00e4rung bereitgestellt haben;<br \/>\nauf personenbezogene Daten zugreifen;<br \/>\npersonenbezogene Daten berichtigen oder l\u00f6schen (z. B. Recht auf Vergessenwerden);<br \/>\ndie Verarbeitung einschr\u00e4nken;<br \/>\nDaten\u00fcbertragbarkeit<br \/>\nWiderspruch gegen die Verarbeitung; und<br \/>\nWiderspruch gegen automatisierte Entscheidungsfindung (einschlie\u00dflich Profiling).<\/p>\n<p>Diese Betroffenenrechte k\u00f6nnen von Ihnen vorbehaltlich der durch die Datenschutzgesetze vorgesehenen Einschr\u00e4nkungen ausge\u00fcbt werden.<\/p>\n<p>Wenn Sie weitere Informationen dar\u00fcber ben\u00f6tigen, wiehttp:\/\/www.domainedulac-alsace.com\/ r Ihre personenbezogenen Daten verarbeitet oder wenn Sie eines Ihrer Betroffenenrechte in Bezug auf die Verarbeitung Ihrer personenbezogenen Daten durch aus\u00fcben m\u00f6chtenhttp:\/\/www.domainedulac-alsace.com\/ , k\u00f6nnen Sie direkt kontaktierenhttp:\/\/www.domainedulac-alsace.com\/ unter der Adresse : <a href=\"mailto:contact@domainedulac-alsace.com\">contact@domainedulac-alsace.com<\/a> .<\/p>\n<p>Hinsichtlich der Verarbeitung Ihrer personenbezogenen Daten durchDULAC [Domaine du Lac] k\u00f6nnen Sie Ihre Datenschutzeinstellungen \u00fcber \u00e4ndernhttp:\/\/www.domainedulac-alsace.com\/ . Sie k\u00f6nnen uns auch kontaktieren oder eine Anfrage zur Aus\u00fcbung von Datenrechten stellen, indem Sie uns kontaktieren : <a href=\"mailto:contact@domainedulac-alsace.com\">contact@domainedulac-alsace.com<\/a> . Ihre Anfrage wird in \u00dcbereinstimmung mit den Datenschutzgesetzen behandelt.<\/p>\n<p><strong>Personenbezogene Daten erhalten von http:\/\/www.domainedulac-alsace.com\/ <\/strong><\/p>\n<p>Im Rahmen des Coaching-Programm-Prozesses kann ein digitaler Coach erhalten werden DULAC [Domaine du Lac] Benutzername, E-Mail-Adresse, Telefonnummer oder andere Informationen. Diese Informationen sollten nur f\u00fcr die Kommunikation im Zusammenhang mit verwendet werden http:\/\/www.domainedulac-alsace.com\/ oder f\u00fcr Transaktionen erleichtert durch DULAC [Domaine du Lac] .<\/p>\n<p>Wenn Benutzer Direktmarketing zustimmen, wird die Zustimmung des Benutzers direkt von erteilt http:\/\/www.domainedulac-alsace.com\/ . DULAC [Domaine du Lac] , der als Auftragsverarbeiter fungiert, kann helfen http:\/\/www.domainedulac-alsace.com\/ Benutzereinwilligungseinstellungen verwalten. Benutzer k\u00f6nnen sich vom Direktmarketing \u00fcber den Abmeldelink abmelden, der in allen Marketingmitteilungen enthalten ist. DULAC [Domaine du Lac] fungiert bei der Unterst\u00fctzung auch als Auftragsverarbeiter http:\/\/www.domainedulac-alsace.com\/ Analysen von generischen, nicht individualisierten und nicht personenbezogenen Daten verwalten.<\/p>\n<p><strong>Vorratsdatenspeicherung<\/strong><\/p>\n<p>Wir werden personenbezogene Daten nur so lange aufbewahren, wie die Aufbewahrung dieser personenbezogenen Daten f\u00fcr die Zwecke, f\u00fcr die diese personenbezogenen Daten verarbeitet werden (wie in dieser Datenschutzrichtlinie beschrieben), erforderlich ist, es sei denn, wir sind verpflichtet, Ihre Daten aufzubewahren. pers\u00f6nlich f\u00fcr einen l\u00e4ngeren Zeitraum. (zum Beispiel im Falle von Gerichtsverfahren oder Ermittlungen).<\/p>\n<p><strong>Links von Drittanbietern<\/strong><\/p>\n<p>Gelegentlich f\u00fcgen wir auf der Website Links zu Dritten ein. Wenn wir einen Link bereitstellen, bedeutet dies nicht, dass wir irgendeine Kontrolle \u00fcber die verlinkte Website oder ihre Datenschutzrichtlinie haben oder dass wir die Datenschutzrichtlinie f\u00fcr Besucher dieser Website unterst\u00fctzen oder billigen. Sie sollten die Datenschutzrichtlinie der verlinkten Website lesen, bevor Sie ihnen personenbezogene Daten \u00fcbermitteln.<\/p>\n<p><strong>Servicebezogene Ank\u00fcndigungen und \u00c4nderungen<\/strong><\/p>\n<p>Alle zuk\u00fcnftigen \u00c4nderungen dieser Datenschutzrichtlinie werden auf der Website und gegebenenfalls per E-Mail-Benachrichtigung ver\u00f6ffentlicht.DULAC [Domaine du Lac] kann Ihnen dienstbezogene Ank\u00fcndigungen zusenden.<br \/>\nSie k\u00f6nnen sich nicht von dienstbezogenen Mitteilungen abmelden.<\/p>\n<p><strong>Kontaktiere uns<\/strong><\/p>\n<p>Weitere Informationen zu dieser Datenschutzrichtlinie oder zur Verarbeitung Ihrer personenbezogenen Daten durch oder im Auftrag vonDULAC [Domaine du Lac] , kontaktieren Sie uns bitte unter : <a href=\"mailto:contact@domainedulac-alsace.com\">contact@domainedulac-alsace.com<\/a> .<\/p>\n<p>Sie k\u00f6nnen zwar eine Beschwerde \u00fcber die Einhaltung von einreichenDULAC [Domaine du Lac] Datenschutzgesetze bei der Datenschutzkommission bitten wir Sie, sich zun\u00e4chst mit uns in Verbindung zu setzen, um uns Gelegenheit zu geben, auf Ihr Anliegen einzugehen.<\/p>\n<p>Zuletzt aktualisiert: <strong>12. November 2021<\/strong> .<\/p>\n<p><strong>\u00a9 2022<\/strong>DULAC [Domaine du Lac] <strong>.<\/strong> <strong>Alle Rechte vorbehalten.<\/strong><\/p>\n<\/div>\n<\/div>\n<\/div>\n<\/div>\n<\/div>\n<\/div>\n<\/div>\n<\/div>\n<\/section>\n","protected":false},"excerpt":{"rendered":"<p>Diese Datenschutzrichtlinie gilt f\u00fcr die von bereitgestellten DiensteDULAC [Domaine du Lac] auf der Website \u201chttp:\/\/www.domainedulac-alsace.com\/ \u201c. DULAC [Domaine du Lac] Soci\u00e9t\u00e9 civile immobili\u00e8re mit einem Kapital von 1 000,00 \u20ac RC COLMAR &#8211; FRANCE \u2013 SIREN 482117173 Hauptsitz : 1 RUE ANDRE KIENER 68000 COLMAR Email : contact@domainedulac-alsace.com Diese Datenschutzrichtlinie enth\u00e4lt Einzelheiten dar\u00fcber, wie wir [&hellip;]<\/p>\n","protected":false},"author":4,"featured_media":0,"parent":0,"menu_order":0,"comment_status":"closed","ping_status":"closed","template":"","meta":{"_acf_changed":false,"footnotes":""},"class_list":["post-4451","page","type-page","status-publish","hentry"],"acf":[],"_links":{"self":[{"href":"https:\/\/www.domainedulac-alsace.com\/de\/wp-json\/wp\/v2\/pages\/4451","targetHints":{"allow":["GET"]}}],"collection":[{"href":"https:\/\/www.domainedulac-alsace.com\/de\/wp-json\/wp\/v2\/pages"}],"about":[{"href":"https:\/\/www.domainedulac-alsace.com\/de\/wp-json\/wp\/v2\/types\/page"}],"author":[{"embeddable":true,"href":"https:\/\/www.domainedulac-alsace.com\/de\/wp-json\/wp\/v2\/users\/4"}],"replies":[{"embeddable":true,"href":"https:\/\/www.domainedulac-alsace.com\/de\/wp-json\/wp\/v2\/comments?post=4451"}],"version-history":[{"count":0,"href":"https:\/\/www.domainedulac-alsace.com\/de\/wp-json\/wp\/v2\/pages\/4451\/revisions"}],"wp:attachment":[{"href":"https:\/\/www.domainedulac-alsace.com\/de\/wp-json\/wp\/v2\/media?parent=4451"}],"curies":[{"name":"wp","href":"https:\/\/api.w.org\/{rel}","templated":true}]}}