{"id":4454,"date":"2024-03-22T17:16:49","date_gmt":"2024-03-22T16:16:49","guid":{"rendered":"http:\/\/www.domainedulac-alsace.com\/cookie-richtlinie\/"},"modified":"2024-03-22T17:16:49","modified_gmt":"2024-03-22T16:16:49","slug":"cookie-richtlinie","status":"publish","type":"page","link":"https:\/\/www.domainedulac-alsace.com\/de\/cookie-richtlinie\/","title":{"rendered":"Cookie-Richtlinie"},"content":{"rendered":"<section class=\"elementor-section elementor-top-section elementor-element elementor-element-246967b elementor-section-boxed elementor-section-height-default elementor-section-height-default\" data-id=\"246967b\" data-element_type=\"section\" data-settings=\"\">\n<div class=\"elementor-container elementor-column-gap-default\">\n<div class=\"elementor-row\">\n<div class=\"elementor-column elementor-col-100 elementor-top-column elementor-element elementor-element-6f179d9\" data-id=\"6f179d9\" data-element_type=\"column\">\n<div class=\"elementor-column-wrap elementor-element-populated\">\n<div class=\"elementor-widget-wrap\">\n<div class=\"elementor-element elementor-element-de40592 elementor-widget elementor-widget-text-editor\" data-id=\"de40592\" data-element_type=\"widget\" data-widget_type=\"text-editor.default\">\n<div class=\"elementor-widget-container\">\n<div class=\"elementor-text-editor elementor-clearfix\">\n<p><strong>Informationen zur Verwendung von Cookies auf der Website: http:\/\/www.domainedulac-alsace.com\/<br \/>\n<\/strong><\/p>\n<h3><strong>DULAC [Domaine du Lac]<br \/>\n<\/strong><\/h3>\n<p>Soci\u00e9t\u00e9 civile immobili\u00e8re mit einem Kapital von 1 000,00 \u20ac<br \/>\nRC COLMAR &#8211; FRANCE \u2013 SIREN 482117173<br \/>\nHauptsitz : 1 RUE ANDRE KIENER 68000 COLMAR<\/p>\n<p>Die Webseiten vonDULAC [Domaine du Lac] Cookies aus verschiedenen Gr\u00fcnden verwenden.<\/p>\n<p>Insbesondere erlauben sie DULAC [Domaine du Lac] um zu verstehen, wie Benutzer unsere Websites und die unserer Partner und Kunden durchsuchen, und um Daten zu erhalten, anhand derer wir das Surferlebnis in Zukunft verbessern k\u00f6nnen, um Ihnen personalisierte Angebote zu senden, um Sie zu identifizieren, wenn Sie auf Ihr Kundenkonto zugreifen, um Artikel zu behalten in Ihrem Warenkorb nach der Trennung, sondern auch zur indirekten Finanzierung der kostenlosen Dienste, die wir anbieten und die Ihnen von unseren verschiedenen Websites zur Verf\u00fcgung gestellt werden.<\/p>\n<p>Auf dieser Seite k\u00f6nnen Sie verstehen, was ein Cookie ist, wof\u00fcr es verwendet wird und wie es konfiguriert wird.<\/p>\n<p>&nbsp;<\/p>\n<ol>\n<li><strong> Was ist ein Keks?<\/strong><\/li>\n<\/ol>\n<p>Ein Cookie (im Folgenden \u201eCookie(s)\u201c) ist eine Textdatei, die von den Servern der konsultierten Websites oder von Servern Dritter in einem daf\u00fcr vorgesehenen Bereich auf der Festplatte Ihres Endger\u00e4ts (Computer, Tablet, Mobiltelefon o andere internetf\u00e4hige Ger\u00e4te), wenn Sie Online-Inhalte oder Werbung ansehen. Es zeichnet Informationen \u00fcber Ihr Surfen im Internet auf.<\/p>\n<p>Diese Cookie-Datei kann nur von ihrem Herausgeber gelesen werden, wodurch sie w\u00e4hrend ihrer G\u00fcltigkeitsdauer erm\u00f6glicht, das betreffende Endger\u00e4t jedes Mal zu erkennen, wenn dieses Endger\u00e4t auf digitale Inhalte zugreift, die Cookies des besagten Herausgebers enthalten. Das Cookie identifiziert Sie nicht pers\u00f6nlich, sondern nur den Browser Ihres Endger\u00e4ts.<\/p>\n<p>Wenn Sie sich mit unseren Seiten verbinden, wird ein Banner angezeigt. Abh\u00e4ngig von Ihrer Wahl werden Cookies im Speicher Ihres Computers, Smartphones, Tablets, Mobiltelefons usw. gespeichert. Die so gesammelten Informationen k\u00f6nnen von der konsultierten Website oder einem Dritten, wie einer Werbeagentur oder einem anderen Partner, verwendet werden.<\/p>\n<p>Die G\u00fcltigkeitsdauer des Cookies betr\u00e4gt maximal 13 (dreizehn) Monate ab dem Tag, an dem Sie Ihre Zustimmung zur Einbindung dieses Cookies gegeben haben.<\/p>\n<p>Sie haben jedoch jederzeit die M\u00f6glichkeit, diese von Ihrem Endger\u00e4t zu l\u00f6schen.<\/p>\n<p>Es gibt verschiedene Arten von Cookies und verschiedene M\u00f6glichkeiten, ihnen zu widersprechen (siehe Punkt 2).<\/p>\n<p>Sie haben die M\u00f6glichkeit, die Registrierung von Cookies auf Ihrem Ger\u00e4t abzulehnen, und Sie k\u00f6nnen dies jederzeit \u00fcber Ihre Browser-Software gem\u00e4\u00df dem in Punkt 3 dieses Dokuments beschriebenen Verfahren tun.<\/p>\n<p>Die Ablehnung bestimmter Cookies kann jedoch zur Beeintr\u00e4chtigung einer bestimmten Anzahl von Funktionen f\u00fchren, die f\u00fcr die Navigation auf der Website erforderlich sind (Schwierigkeiten bei der Registrierung oder Anzeige usw.). Wir k\u00f6nnen in einem solchen Fall nicht f\u00fcr diese Fehlfunktionen verantwortlich gemacht werden.<\/p>\n<p>Dar\u00fcber hinaus bedeutet die Deaktivierung von Werbe-Cookies nicht, dass Sie keine Werbung erhalten, sondern lediglich, dass diese nicht mehr an Ihre Interessen angepasst wird.<\/p>\n<p>Bitte beachten Sie, dass die Ber\u00fccksichtigung Ihrer unterschiedlichen W\u00fcnsche auf einem oder mehreren bestimmten Cookies basiert. Wenn Sie alle auf Ihrem Endger\u00e4t gespeicherten Cookies bez\u00fcglich unserer Seiten l\u00f6schen, wissen wir nicht mehr, welche Einwilligung oder Ablehnung Sie erteilt haben. Dies kommt daher einem Zur\u00fccksetzen Ihrer Zustimmung gleich und Sie m\u00fcssen daher das\/die Cookie(s), das\/die Sie nicht behalten m\u00f6chten, erneut ablehnen. Wenn Sie einen anderen Internetbrowser verwenden, m\u00fcssen Sie diese Cookies ebenfalls erneut ablehnen, da Ihre Wahlm\u00f6glichkeiten, wie die Cookies, auf die sie sich beziehen, von dem Browser und dem Endger\u00e4t (Computer, Tablet, Smartphone usw.) abh\u00e4ngen, das Sie verwenden Besuchen Sie unsere Seiten.<\/p>\n<p>&nbsp;<\/p>\n<ol start=\"2\">\n<li><strong> Wof\u00fcr verwenden wir Cookies?<\/strong><\/li>\n<\/ol>\n<p>Um Ihnen zu erm\u00f6glichen, den Nutzen zu messen, den dieser oder jener Cookie f\u00fcr Sie darstellt, folgt eine Darstellung der verschiedenen Arten von Cookies.<\/p>\n<p><strong>Unbedingt erforderliche Cookies<\/strong><\/p>\n<p>Diese Cookies sind unerl\u00e4sslich, um auf der Website zu navigieren und ihre Funktionen zu nutzen, wie z. B. den Zugriff auf sichere Bereiche der Website. Angeforderte Dienste wie Gewinnspielformulare k\u00f6nnten ohne Cookies nicht bereitgestellt werden.<\/p>\n<p><strong>Leistungs-Cookies<\/strong><\/p>\n<p>Diese Cookies sammeln Informationen dar\u00fcber, wie Besucher eine Website nutzen. Zum Beispiel die am h\u00e4ufigsten besuchten Seiten und ob Fehlermeldungen ausgegeben werden. Cookies sammeln keine Daten, die Besucher identifizieren. Soweit alle von diesen Cookies gesammelten Informationen aggregiert werden, bleiben sie anonym. Diese Cookies dienen lediglich dazu, die Funktionsweise der Website zu verbessern.<\/p>\n<p>Diese Cookies werden verwendet, um den mit unserer Website verbundenen Verkehr oder das Publikum, die besuchten Seiten und die w\u00e4hrend Ihres Besuchs auf der Website vorgenommenen Interaktionen zu messen. Ihre Deaktivierung verhindert daher die Erfassung von Informationen \u00fcber Ihr Surfen auf unserer Website und somit das Angebot von Inhalten, die an Ihr Surfen angepasst sind.<\/p>\n<p><strong>Funktionalit\u00e4ts-Cookies<\/strong><\/p>\n<p>Diese Cookies erm\u00f6glichen es den Websites, sich an die von Ihnen getroffenen Entscheidungen zu erinnern (z. B. Ihren Benutzernamen, die gew\u00e4hlte Sprache oder die Region, in der Sie sich befinden) und pr\u00e4zisere und pers\u00f6nlichere Merkmale bereitzustellen. Diese Cookies k\u00f6nnen auch verwendet werden, um vom Benutzer vorgenommene \u00c4nderungen wie Textgr\u00f6\u00dfe oder Schriftart zu speichern. Sie k\u00f6nnen auch verwendet werden, um von Ihnen angeforderte Dienste bereitzustellen, wie z. B. das Ansehen eines Videos oder das Hinterlassen eines Kommentars in einem Blog. Die von diesen Cookies gesammelten Informationen k\u00f6nnen anonymisiert werden und k\u00f6nnen Ihre Browsing-Aktivit\u00e4ten auf anderen Websites nicht verfolgen.<\/p>\n<p><strong>Gezielte Cookies oder Werbe-Cookies<\/strong><\/p>\n<p>Diese Cookies sammeln Informationen \u00fcber Ihre Internet-Browsing-Gewohnheiten, um Ihnen Werbung anzuzeigen, die auf Sie zugeschnitten ist und Ihren Interessengebieten entspricht. Sie helfen auch dabei, die H\u00e4ufigkeit zu begrenzen, mit der Sie eine Werbung sehen, und helfen uns, die Effektivit\u00e4t unserer Werbekampagnen zu beurteilen.<\/p>\n<p>Die Informationen werden gesammelt und an Dritte weitergegeben, um Zielgruppen-Targeting und Optimierungsl\u00f6sungen f\u00fcr Werbetreibende und Publisher bereitzustellen. Es werden keine personenbezogenen Daten erhoben und eine Person kann anhand der erhobenen Daten nicht identifiziert werden.<\/p>\n<p><strong>Cookies von Websites Dritter<\/strong><\/p>\n<p>Unsere Website enth\u00e4lt Links zu anderen Websites, und wir wissen nicht, welche Cookies sie verwenden. Weitere Informationen finden Sie in den Informationen dieser Drittanbieter-Websites zu ihren eigenen Cookies.<\/p>\n<p><strong>Cookies f\u00fcr soziale Netzwerke<\/strong><\/p>\n<p>Damit Sie Artikel und Inhalte mit Ihren Lieben teilen oder kommentieren k\u00f6nnen, enthalten unsere Seiten Links zum Teilen zu sozialen Netzwerken (Facebook, Twitter usw.). Wenn Sie diese Share-Buttons verwenden, wird ein Drittanbieter-Cookie installiert. Wenn Sie beim Surfen auf unserer Website mit dem sozialen Netzwerk verbunden sind, erm\u00f6glichen Ihnen die Schaltfl\u00e4chen zum Teilen, die konsultierten Inhalte mit Ihrem Benutzerkonto zu verkn\u00fcpfen.<\/p>\n<p>Um sich \u00fcber Zweck und Umfang der Datenerhebung, die weitere Verarbeitung und Nutzung der Daten durch das\/die soziale(n) Netzwerk(e), dem\/denen Sie angeh\u00f6ren, sowie \u00fcber Ihre diesbez\u00fcglichen Rechte und Einstellungsm\u00f6glichkeiten zum Schutz Ihrer Privatsph\u00e4re zu informieren, laden wir Sie ein Lesen Sie ihre Cookie-Verwaltungsrichtlinie auf ihren Websites.<\/p>\n<p><strong>Facebook<\/strong><br \/>\n<a href=\"https:\/\/fr-fr.facebook.com\/policies\/cookies\/\">https:\/\/fr-fr.facebook.com\/policies\/cookies\/<\/a><\/p>\n<p><strong>Twitter<\/strong><br \/>\n<a href=\"https:\/\/help.twitter.com\/fr\/safety-and-security\/twitter-do-not-track\">https:\/\/help.twitter.com\/fr\/safety-and-security\/twitter-do-not-track<\/a><\/p>\n<p><strong>Google<\/strong><br \/>\n<a href=\"https:\/\/support.google.com\/accounts\/answer\/61416?hl=fr\">https:\/\/support.google.com\/accounts\/answer\/61416?hl=fr<\/a><\/p>\n<p><strong>instagram<\/strong><br \/>\n<a href=\"https:\/\/help.instagram.com\/1896641480634370\">https:\/\/help.instagram.com\/1896641480634370<\/a><\/p>\n<p><strong>Pinterest<\/strong><br \/>\n<a href=\"https:\/\/policy.pinterest.com\/fr\/cookies\">https:\/\/policy.pinterest.com\/fr\/cookies<\/a><\/p>\n<p>&nbsp;<\/p>\n<ol start=\"3\">\n<li><strong> Wie k\u00f6nnen Sie Ihre Entscheidungen in Bezug auf Cookies ausdr\u00fccken?<\/strong><\/li>\n<\/ol>\n<p>Sie haben mehrere M\u00f6glichkeiten, Cookies zu verwalten, zu akzeptieren oder abzulehnen.<br \/>\nDu kannst :<br \/>\n\u2013 Dr\u00fccken Sie Ihre Wahl aus, indem Sie Ihren Internetbrowser konfigurieren (a),<br \/>\n\u2013 in Bezug auf Cookies, die von ausgegeben werdenDULAC [Domaine du Lac] , gem\u00e4\u00df dem unten beschriebenen einfachen und zug\u00e4nglichen Verfahren widersprechen (b);<br \/>\n\u2013 Verwenden Sie in Bezug auf Werbe-Cookies ein Tool, das von Fachleuten f\u00fcr digitale Werbung ver\u00f6ffentlicht wurde (c);<br \/>\n\u2013 im Falle von analytischen Cookies direkt beim Aussteller dieses Cookies Widerspruch einzulegen oder die Datenschutzrichtlinie des von Ihnen verwendeten sozialen Netzwerks zu lesen und so die Hinterlegung von Cookies aus diesem sozialen Netzwerk zu verwalten.<\/p>\n<ol>\n<li><strong>a) Konfigurieren Sie Ihren Browser<\/strong><\/li>\n<\/ol>\n<p>Die meisten Browser akzeptieren Cookies standardm\u00e4\u00dfig. Sie k\u00f6nnen diese Cookies jedoch blockieren oder Ihren Browser bitten, Sie zu warnen, wenn eine Website versucht, ein Cookie auf Ihrem Ger\u00e4t zu implementieren. In diesem Zusammenhang weisen wir Sie darauf hin, dass Sie Ihren Browser so konfigurieren k\u00f6nnen, dass er die Implementierung von Cookies ablehnt. F\u00fcr die Verwaltung von Cookies und Ihre Auswahlm\u00f6glichkeiten ist die Konfiguration jedes Browsers unterschiedlich. Es ist im Hilfemen\u00fc Ihres Browsers beschrieben, das es Ihnen erm\u00f6glicht, Ihre W\u00fcnsche in Bezug auf Cookies zu \u00e4ndern.<\/p>\n<p><strong>Safari<\/strong><br \/>\n<a href=\"https:\/\/www.apple.com\/legal\/privacy\/fr-ww\/cookies\/\">https:\/\/www.apple.com\/legal\/privacy\/fr-ww\/cookies\/<\/a><\/p>\n<p><strong>Oper<\/strong><br \/>\n<a href=\"http:\/\/help.opera.com\/Windows\/10.20\/fr\/cookies.html\">http:\/\/help.opera.com\/Windows\/10.20\/fr\/cookies.html<\/a><\/p>\n<p><strong>Chrom<\/strong><br \/>\n<a href=\"https:\/\/support.google.com\/chrome\/answer\/95647?hl=fr&amp;hlrm=fr\">https:\/\/support.google.com\/chrome\/answer\/95647?hl=fr&amp;hlrm=fr<\/a><\/p>\n<p><strong>Internet Explorer<\/strong><br \/>\n<a href=\"http:\/\/windows.microsoft.com\/fr-FR\/windows-vista\/Block-or-allow-cookies\">http:\/\/windows.microsoft.com\/fr-FR\/windows-vista\/Block-or-allow-cookies<\/a><\/p>\n<p><strong>Feuerfuchs<\/strong><br \/>\n<a href=\"https:\/\/support.mozilla.org\/fr\/kb\/activer-desactiver-cookies?redirectlocale=fr&amp;redirectslug=Activer+et+d%C3%A9sactiver+les+cookies\">https:\/\/support.mozilla.org\/fr\/kb\/activer-desactiver-cookies?redirectlocale=fr&amp;redirectslug=Activer+et+d%C3%A9sactiver+les+cookies<\/a><\/p>\n<ol>\n<li><strong>b) Dr\u00fccken Sie Ihre Auswahl aus DULAC [Domaine du Lac]<br \/>\n<\/strong><\/li>\n<\/ol>\n<p>DULAC [Domaine du Lac] hat ein Tool zur Verwaltung der Cookie-Zustimmung eingerichtet, auf das \u00fcber das Informationsbanner zugegriffen werden kann, das bei der Verbindung mit der Website angezeigt wird.<\/p>\n<ol>\n<li><strong>c) Dr\u00fccken Sie Ihre Entscheidungen online mit interprofessionellen Plattformen aus, um nur Werbe-Cookies abzulehnen<\/strong><\/li>\n<\/ol>\n<p>Die Plattform \u201eYouronlinechoices\u201c, die von Fachleuten f\u00fcr digitale Werbung angeboten wird, die in der europ\u00e4ischen Vereinigung EDAA (European Digital Advertising Alliance) zusammengefasst sind und in Frankreich vom Interactive Advertising Bureau France verwaltet werden, bietet Ihnen die M\u00f6glichkeit, die von ihren Mitgliedsunternehmen verwendeten Cookies abzulehnen oder zu akzeptieren Passen Sie die Werbung, die wahrscheinlich auf Ihrem Endger\u00e4t angezeigt wird, an Ihre Browserinformationen an: <a href=\"http:\/\/www.youronlinechoices.com\/fr\/controler-ses-cookies\/\">http:\/\/www.youronlinechoices.com\/fr\/controler-ses-cookies\/<\/a> .<\/p>\n<p>Achtung, Ihre Auswahl verhindert nicht die Anzeige von Werbung, sondern blockiert die Technologien, die es erm\u00f6glichen, Werbung an Ihre Interessenschwerpunkte anzupassen.<\/p>\n<p><strong>Weitere Informationen zu Cookies<\/strong><\/p>\n<p><a href=\"https:\/\/www.cnil.fr\/fr\/cookies-les-outils-pour-les-maitrise\">https:\/\/www.cnil.fr\/fr\/cookies-les-outils-pour-les-maitrise<\/a> r<\/p>\n<p>Zuletzt aktualisiert: <strong>12. November 2021<\/strong> .<\/p>\n<p><strong>\u00a9 2022<\/strong>DULAC [Domaine du Lac] <strong>.<\/strong> <strong>Alle Rechte vorbehalten.<\/strong><\/p>\n<\/div>\n<\/div>\n<\/div>\n<\/div>\n<\/div>\n<\/div>\n<\/div>\n<\/div>\n<\/section>\n","protected":false},"excerpt":{"rendered":"<p>Informationen zur Verwendung von Cookies auf der Website: http:\/\/www.domainedulac-alsace.com\/ DULAC [Domaine du Lac] Soci\u00e9t\u00e9 civile immobili\u00e8re mit einem Kapital von 1 000,00 \u20ac RC COLMAR &#8211; FRANCE \u2013 SIREN 482117173 Hauptsitz : 1 RUE ANDRE KIENER 68000 COLMAR Die Webseiten vonDULAC [Domaine du Lac] Cookies aus verschiedenen Gr\u00fcnden verwenden. Insbesondere erlauben sie DULAC [Domaine du [&hellip;]<\/p>\n","protected":false},"author":4,"featured_media":0,"parent":0,"menu_order":0,"comment_status":"closed","ping_status":"closed","template":"","meta":{"_acf_changed":false,"footnotes":""},"class_list":["post-4454","page","type-page","status-publish","hentry"],"acf":[],"_links":{"self":[{"href":"https:\/\/www.domainedulac-alsace.com\/de\/wp-json\/wp\/v2\/pages\/4454","targetHints":{"allow":["GET"]}}],"collection":[{"href":"https:\/\/www.domainedulac-alsace.com\/de\/wp-json\/wp\/v2\/pages"}],"about":[{"href":"https:\/\/www.domainedulac-alsace.com\/de\/wp-json\/wp\/v2\/types\/page"}],"author":[{"embeddable":true,"href":"https:\/\/www.domainedulac-alsace.com\/de\/wp-json\/wp\/v2\/users\/4"}],"replies":[{"embeddable":true,"href":"https:\/\/www.domainedulac-alsace.com\/de\/wp-json\/wp\/v2\/comments?post=4454"}],"version-history":[{"count":0,"href":"https:\/\/www.domainedulac-alsace.com\/de\/wp-json\/wp\/v2\/pages\/4454\/revisions"}],"wp:attachment":[{"href":"https:\/\/www.domainedulac-alsace.com\/de\/wp-json\/wp\/v2\/media?parent=4454"}],"curies":[{"name":"wp","href":"https:\/\/api.w.org\/{rel}","templated":true}]}}