{"id":4450,"date":"2024-03-22T17:16:47","date_gmt":"2024-03-22T16:16:47","guid":{"rendered":"http:\/\/www.domainedulac-alsace.com\/privacy-policy\/"},"modified":"2024-03-22T17:16:47","modified_gmt":"2024-03-22T16:16:47","slug":"privacy-policy","status":"publish","type":"page","link":"https:\/\/www.domainedulac-alsace.com\/en\/privacy-policy\/","title":{"rendered":"Privacy policy"},"content":{"rendered":"<section class=\"elementor-section elementor-top-section elementor-element elementor-element-246967b elementor-section-boxed elementor-section-height-default elementor-section-height-default\" data-id=\"246967b\" data-element_type=\"section\" data-settings=\"\">\n<div class=\"elementor-container elementor-column-gap-default\">\n<div class=\"elementor-row\">\n<div class=\"elementor-column elementor-col-100 elementor-top-column elementor-element elementor-element-6f179d9\" data-id=\"6f179d9\" data-element_type=\"column\">\n<div class=\"elementor-column-wrap elementor-element-populated\">\n<div class=\"elementor-widget-wrap\">\n<div class=\"elementor-element elementor-element-de40592 elementor-widget elementor-widget-text-editor\" data-id=\"de40592\" data-element_type=\"widget\" data-widget_type=\"text-editor.default\">\n<div class=\"elementor-widget-container\">\n<div class=\"elementor-text-editor elementor-clearfix\">\n<p>This privacy policy covers the services provided byDULAC [Domaine du Lac] on the site \u201chttp:\/\/www.domainedulac-alsace.com\/ \u201c.<\/p>\n<h3><strong>DULAC [Domaine du Lac]<br \/>\n<\/strong><\/h3>\n<p>Soci\u00e9t\u00e9 civile immobili\u00e8re with a capital of 1 000,00 \u20ac<br \/>\nRC COLMAR &#8211; FRANCE \u2013 SIREN 482117173<br \/>\nHead office : 1 RUE ANDRE KIENER 68000 COLMAR<br \/>\nE-mail\u00a0 : <a href=\"mailto:contact@domainedulac-alsace.com\">contact@domainedulac-alsace.com<\/a><\/p>\n<p>This Privacy Policy provides details of how we process personal data in accordance with our obligations under the General Data Protection Regulation (No. 2016\/679) (\u201cGDPR\u201d), Data Protection Act Data 2018 and any other laws applicable to us in relation to the processing of personal data (collectively referred to as \u201cData Protection Laws\u201d). In this Privacy Policy, \u201ccontroller\u201d, \u201cpersonal data\u201d and \u201cprocess\u201d (and its derivatives) have the meanings given to those terms in the Data Protection Laws.<\/p>\n<p>Personal data generally means information that can be used to individually identify a person, and processing generally covers actions that can be performed in relation to data such as collection, use, storage and disclosure. DULAC [Domaine du Lac] will be the controller of your personal data processed as part of our services.<br \/>\nDULAC [Domaine du Lac] and the attendants who operate on <strong>http:\/\/www.domainedulac-alsace.com\/<\/strong> (\u201cDigital Attendant\u201d) are joint controllers with respect to all personal data.<\/p>\n<p>The purpose of this Privacy Policy is to explain the data processing activities of DULAC [Domaine du Lac] , including how and why we process personal data. In addition, this privacy policy describes our duties and responsibilities regarding the protection of such personal data. The way we handle personal data will change over time and we will update this policy from time to time to reflect changing practices.<\/p>\n<p><strong>Personal data we collect<\/strong><\/p>\n<p>We collect personal data about you when you provide it to us directly through http:\/\/www.domainedulac-alsace.com\/ , when third parties provide us with personal data about you or when personal data about you is automatically collected as part of your use of the site http:\/\/www.domainedulac-alsace.com\/ (the website\u201d).<br \/>\nDULAC [Domaine du Lac] does not disclose your personal data to third parties except as set out in this privacy policy.<\/p>\n<p>In providing our services, we may collect and process the following information:<\/p>\n<p><strong>Personal data collected directly from you<\/strong><\/p>\n<p>We receive personal data directly from you when you provide it to us using the site http:\/\/www.domainedulac-alsace.com\/ , using the features of http:\/\/www.domainedulac-alsace.com\/ or by creating an account on http:\/\/www.domainedulac-alsace.com\/ , including but not limited to:<br \/>\n\u2013 Name;<br \/>\n\u2013 First name;<br \/>\n\u2013 E-mail address;<br \/>\n\u2013 Facility Name;<br \/>\n\u2013 Commercial sign;<br \/>\n\u2013 Business address;<br \/>\n\u2013 Telephone number;<br \/>\n\u2013 Username;<br \/>\n\u2013 Information to participate in the program http:\/\/www.domainedulac-alsace.com\/<\/p>\n<p><strong>Personal data collected from third-party sources<br \/>\nPersonal data collected automatically<\/strong><\/p>\n<p>Some personal data is automatically collected when you use a partner website or on the platform http:\/\/www.domainedulac-alsace.com\/ , as:<br \/>\n\u2013 IP adress;<br \/>\n\u2013 device identifiers;<br \/>\n\u2013 browser information; and<br \/>\ncookie data (as explained in our cookie policy).<\/p>\n<p><strong>How we use personal data<\/strong><\/p>\n<p>We process personal data to operate, improve, understand and personalize our services, e.g. we use personal data to:<br \/>\n\u2013 enrich and complete the solutions presented via the platform http:\/\/www.domainedulac-alsace.com\/ ;<br \/>\n\u2013 personalize content http:\/\/www.domainedulac-alsace.com\/ based on your preferences and priorities;<br \/>\n\u2013 communicate with you;<br \/>\n\u2013 assist you in the different phases of the program http:\/\/www.domainedulac-alsace.com\/<br \/>\n\u2013 protect against or deter fraudulent, illegal or harmful actions;<br \/>\n\u2013 respond to user requests;<br \/>\n\u2013 provide support and assistance via http:\/\/www.domainedulac-alsace.com\/ ;<br \/>\n\u2013 comply with our legal or contractual obligations;<br \/>\n\u2013 apply our terms and conditions; and<br \/>\n\u2013 resolve disputes if necessary.<\/p>\n<p><strong>Legal basis of processing<\/strong><\/p>\n<p><strong>Purpose of processing \u2013 Legal basis under GDPR<\/strong><br \/>\nFor administrative purposes<br \/>\nSuch processing is necessary for the proper execution of support between you and http:\/\/www.domainedulac-alsace.com\/<\/p>\n<p><strong>Training, quality monitoring or evaluation of the services we provide<\/strong><br \/>\nSuch processing is necessary for the legitimate interests we pursue in monitoring and improving our services and their use, and to guarantee it to Internet users who use the website http:\/\/www.domainedulac-alsace.com\/ .<\/p>\n<p><strong>Website services, including for troubleshooting, data analysis and investigation purposes.<\/strong><br \/>\nWe have a legitimate interest in operating and maintaining the website and related purposes, including improving our services.<br \/>\nStatistical information that cannot be linked to individuals to help us improve the services we provide.<br \/>\nWe have a legitimate interest in carrying out certain analyzes to ensure that the services we provide to Restaurants are efficient and function properly.<\/p>\n<p><strong>Enforcing and defending our rights<\/strong><br \/>\nWe have a legitimate interest in ensuring that our services and the website http:\/\/www.domainedulac-alsace.com\/ are used in accordance with our terms of use and policies.<\/p>\n<p><strong>Where necessary to comply with our legal obligations.<\/strong><br \/>\nWhen necessary to establish, exercise or defend a legal action, a possible legal claim, a legal proceeding or a possible legal proceeding.<\/p>\n<p><strong>Individual rights of data subjects<\/strong><\/p>\n<p>Data protection laws provide certain rights in favor of data subjects (\u201cdata subject rights\u201d).<\/p>\n<p><strong>Data subject rights include the right of a data subject to:<\/strong><br \/>\n\u2013 receive detailed information about the processing (in accordance with the transparency obligations of the controllers) that we have provided through this privacy policy;<br \/>\n\u2013 access personal data;<br \/>\n\u2013 rectify or erase personal data (i.e. right to be forgotten);<br \/>\n\u2013 restrict processing;<br \/>\n\u2013 restrict data portability<br \/>\n\u2013 oppose the processing; and<br \/>\n\u2013 object to automated decision-making (including profiling).<\/p>\n<p>These data subject rights may be exercised by you subject to the limitations provided by data protection laws.<\/p>\n<p>If you need more information on how http:\/\/www.domainedulac-alsace.com\/ is processing your personal data or if you wish to exercise any of your data subject rights in relation to the processing of your personal data by http:\/\/www.domainedulac-alsace.com\/, you can contact directly http:\/\/www.domainedulac-alsace.com\/ at the address : <a href=\"mailto:contact@domainedulac-alsace.com\">contact@domainedulac-alsace.com<\/a> or via the telephone numbers on the website.<\/p>\n<p>With regard to the processing of your personal data by DULAC [Domaine du Lac] , you can change your privacy settings through the portal http:\/\/www.domainedulac-alsace.com\/ . You can also contact us or make a request to exercise any data rights by contactingcontact@domainedulac-alsace.com . Your request will be handled in accordance with data protection laws.<\/p>\n<p><strong>Disclosure of your information<\/strong><\/p>\n<p>We do not share any personally identifying data with third parties and will not disclose your personal data to any other party except as set forth in this policy. DULAC [Domaine du Lac] may need to disclose personal data in certain scenarios, such as when you violate our terms and conditions or other policies. DULAC [Domaine du Lac] may disclose such personal data, in our sole discretion, if we deem it necessary or appropriate in connection with the investigation of fraud, intellectual property infringement, hacking or other illegal activity. This may require disclosing your name, address, telephone number or email.<\/p>\n<p>DULAC [Domaine du Lac] may engage other companies and individuals to perform tasks on our behalf and may need to share your information with them to provide our services to you.<\/p>\n<p>In some cases,DULAC [Domaine du Lac] may buy or sell its assets, which may involve transferring user information.DULAC [Domaine du Lac] will transfer this information if we are acquired by or merged with another company. In this case, we will notify you by e-mail.<\/p>\n<p>Without limiting the foregoing, in an effort to respect your privacy and ability to DULAC [Domaine du Lac] To keep the community safe from bad actors, we will not otherwise disclose your personal data to law enforcement, other government officials, or other third parties without a court order, law. enforcement, legal proceeding, or substantially similar legal proceeding, except when we believe in good faith that disclosure of information is necessary to protect the rights ofDULAC [Domaine du Lac] or the rights of third parties, to prevent physical harm or financial loss, or to report suspected illegal activity.<\/p>\n<p><strong>Individual rights of data subjects<\/strong><\/p>\n<p>Data protection laws provide certain rights in favor of data subjects (\u201cdata subject rights\u201d).<\/p>\n<p><strong>Data subject rights include the right of a data subject to:<\/strong><\/p>\n<p>receive detailed information about the processing (in accordance with the transparency obligations of the controllers) that we have provided through this privacy policy;<br \/>\naccess personal data;<br \/>\nrectify or erase personal data (i.e. right to be forgotten);<br \/>\nrestrict processing;<br \/>\ndata portability<br \/>\nobject to processing; and<br \/>\nobject to automated decision-making (including profiling).<\/p>\n<p>These data subject rights may be exercised by you subject to the limitations provided by data protection laws.<\/p>\n<p>If you need more information on how http:\/\/www.domainedulac-alsace.com\/ r is processing your personal data or if you wish to exercise any of your data subject rights in relation to the processing of your personal data by http:\/\/www.domainedulac-alsace.com\/ , you can contact directly http:\/\/www.domainedulac-alsace.com\/ at the address : <a href=\"mailto:contact@domainedulac-alsace.com\">contact@domainedulac-alsace.com<\/a> .<\/p>\n<p>With regard to the processing of your personal data by DULAC [Domaine du Lac] , you can change your privacy settings via http:\/\/www.domainedulac-alsace.com\/ . You can also contact us or make a request to exercise any data rights by contacting : <a href=\"mailto:contact@domainedulac-alsace.com\">contact@domainedulac-alsace.com<\/a> . Your request will be handled in accordance with data protection laws.<\/p>\n<p><strong>Personal data obtained by http:\/\/www.domainedulac-alsace.com\/ <\/strong><\/p>\n<p>As part of the coaching program process, a digital coach can obtain DULAC [Domaine du Lac] username, email address, phone number or other information. This information should only be used for communications related to http:\/\/www.domainedulac-alsace.com\/ or for transactions facilitated by DULAC [Domaine du Lac] .<\/p>\n<p>Where users consent to direct marketing, user consent is provided directly by http:\/\/www.domainedulac-alsace.com\/ .DULAC [Domaine du Lac] , acting as a processor, can help http:\/\/www.domainedulac-alsace.com\/ manage user consent preferences. Users can unsubscribe from direct marketing via the unsubscribe link included in all marketing communications.DULAC [Domaine du Lac] also acts as a processor when assisting http:\/\/www.domainedulac-alsace.com\/ manage analyzes of generic, non-individualized and non-personal data.<\/p>\n<p><strong>Data retention<\/strong><\/p>\n<p>We will retain personal data only for as long as the retention of that personal data is deemed necessary for the purposes for which that personal data is being processed (as described in this privacy policy), unless we are under an obligation to retain your data. personal for a longer period. (for example in the event of legal proceedings or investigations).<\/p>\n<p><strong>Third party links<\/strong><\/p>\n<p>Occasionally we include links to third parties on the Website http:\/\/www.domainedulac-alsace.com\/ . Where we provide a link, it does not mean that we have any control over the linked website or its privacy policy or that we endorse or approve of that website\u2019s visitor privacy policy. You should review the privacy policy of the linked website before sending any personal data to them.<\/p>\n<p><strong>Service-Related Announcements and Changes<\/strong><\/p>\n<p>Any changes to this Privacy Policy in the future will be posted on the Website and, where appropriate, by email notification.DULAC [Domaine du Lac] may send you service-related announcements http:\/\/www.domainedulac-alsace.com\/ .<br \/>\nYou cannot opt out of service-related communications.<\/p>\n<p><strong>Contact us<\/strong><\/p>\n<p>For more information about this privacy policy or the processing of your personal data by or on behalf ofDULAC [Domaine du Lac] , please contact us at : <a href=\"mailto:contact@domainedulac-alsace.com\">contact@domainedulac-alsace.com<\/a> .<\/p>\n<p>Although you can make a complaint about compliance by DULAC [Domaine du Lac] data protection laws with the Data Protection Commission, we ask that you contact us in the first place to give us the opportunity to address your concerns.<\/p>\n<p>Last Updated: <strong>November 12, 2021<\/strong> .<\/p>\n<p><strong>\u00a9 2022 DULAC [Domaine du Lac].<\/strong><strong>Tous droits r\u00e9serv\u00e9s.<\/strong><\/p>\n<\/div>\n<\/div>\n<\/div>\n<\/div>\n<\/div>\n<\/div>\n<\/div>\n<\/div>\n<\/section>\n","protected":false},"excerpt":{"rendered":"<p>This privacy policy covers the services provided byDULAC [Domaine du Lac] on the site \u201chttp:\/\/www.domainedulac-alsace.com\/ \u201c. DULAC [Domaine du Lac] Soci\u00e9t\u00e9 civile immobili\u00e8re with a capital of 1 000,00 \u20ac RC COLMAR &#8211; FRANCE \u2013 SIREN 482117173 Head office : 1 RUE ANDRE KIENER 68000 COLMAR E-mail\u00a0 : contact@domainedulac-alsace.com This Privacy Policy provides details of [&hellip;]<\/p>\n","protected":false},"author":4,"featured_media":0,"parent":0,"menu_order":0,"comment_status":"closed","ping_status":"closed","template":"","meta":{"_acf_changed":false,"footnotes":""},"class_list":["post-4450","page","type-page","status-publish","hentry"],"acf":[],"_links":{"self":[{"href":"https:\/\/www.domainedulac-alsace.com\/en\/wp-json\/wp\/v2\/pages\/4450","targetHints":{"allow":["GET"]}}],"collection":[{"href":"https:\/\/www.domainedulac-alsace.com\/en\/wp-json\/wp\/v2\/pages"}],"about":[{"href":"https:\/\/www.domainedulac-alsace.com\/en\/wp-json\/wp\/v2\/types\/page"}],"author":[{"embeddable":true,"href":"https:\/\/www.domainedulac-alsace.com\/en\/wp-json\/wp\/v2\/users\/4"}],"replies":[{"embeddable":true,"href":"https:\/\/www.domainedulac-alsace.com\/en\/wp-json\/wp\/v2\/comments?post=4450"}],"version-history":[{"count":0,"href":"https:\/\/www.domainedulac-alsace.com\/en\/wp-json\/wp\/v2\/pages\/4450\/revisions"}],"wp:attachment":[{"href":"https:\/\/www.domainedulac-alsace.com\/en\/wp-json\/wp\/v2\/media?parent=4450"}],"curies":[{"name":"wp","href":"https:\/\/api.w.org\/{rel}","templated":true}]}}